{"id":427,"date":"2026-04-12T21:43:35","date_gmt":"2026-04-13T00:43:35","guid":{"rendered":"https:\/\/tntexcursoes.com.br\/?page_id=427"},"modified":"2026-04-12T21:43:40","modified_gmt":"2026-04-13T00:43:40","slug":"quem-somos","status":"publish","type":"page","link":"http:\/\/tntexcursoes.com.br\/?page_id=427","title":{"rendered":"Quem somos"},"content":{"rendered":"\n<h1 class=\"wp-block-heading\">T.N.T Excurs\u00f5es: Nossa Jornada<\/h1>\n\n\n\n<h3 class=\"wp-block-heading\">Onde a Estrada encontra a M\u00fasica<\/h3>\n\n\n\n<p>Tudo come\u00e7ou com uma ideia simples: garantir que os f\u00e3s de Curitiba pudessem chegar aos seus shows favoritos com o m\u00e1ximo de conforto, seguran\u00e7a e, acima de tudo, sem preocupa\u00e7\u00f5es com a log\u00edstica da estrada.<\/p>\n\n\n\n<p>Na <strong>T.N.T Excurs\u00f5es<\/strong>, acreditamos que a experi\u00eancia do show come\u00e7a muito antes da banda subir ao palco. Ela come\u00e7a no momento em que voc\u00ea reserva sua vaga, encontra novos amigos no \u00f4nibus e se prepara para viver uma noite inesquec\u00edvel.<\/p>\n\n\n\n<h3 class=\"wp-block-heading\">Nossa Miss\u00e3o<\/h3>\n\n\n\n<p>Nossa miss\u00e3o \u00e9 conectar pessoas aos grandes momentos da vida. Seja o riff de uma guitarra de uma banda lend\u00e1ria como AC\/DC e Iron Maiden, ou a tradi\u00e7\u00e3o e alegria da Oktoberfest em Blumenau, a nossa responsabilidade \u00e9 garantir que voc\u00ea chegue l\u00e1 com tranquilidade e volte para casa com mem\u00f3rias incr\u00edveis.<\/p>\n\n\n\n<h3 class=\"wp-block-heading\">Por que nos escolher?<\/h3>\n\n\n\n<ul class=\"wp-block-list\">\n<li><strong>Gest\u00e3o de Confian\u00e7a:<\/strong> Sob a lideran\u00e7a de Thiago Gorges, cada detalhe da viagem \u00e9 planejado com precis\u00e3o t\u00e9cnica e aten\u00e7\u00e3o \u00e0s necessidades de quem ama m\u00fasica e eventos.<\/li>\n\n\n\n<li><strong>Cuidado no Atendimento:<\/strong> Contamos com a dedica\u00e7\u00e3o de Clarissa, nossa guia especializada, que garante que cada passageiro seja acompanhado com o suporte necess\u00e1rio do in\u00edcio ao fim do trajeto.<\/li>\n\n\n\n<li><strong>Experi\u00eancia Comprovada:<\/strong> Com anos de atua\u00e7\u00e3o no mercado curitibano, j\u00e1 levamos centenas de f\u00e3s a destinos memor\u00e1veis, consolidando nosso nome atrav\u00e9s da pontualidade e da qualidade do servi\u00e7o prestado.<\/li>\n\n\n\n<li><strong>Seguran\u00e7a em Primeiro Lugar:<\/strong> Acreditamos que a tranquilidade \u00e9 fundamental. Por isso, trabalhamos apenas com transporte regularizado, motoristas experientes e um planejamento log\u00edstico rigoroso.<\/li>\n<\/ul>\n\n\n\n<h3 class=\"wp-block-heading\">O Compromisso T.N.T<\/h3>\n\n\n\n<p>Sabemos que o seu tempo \u00e9 precioso e o seu evento \u00e9 \u00fanico. \u00c9 por isso que n\u00e3o nos limitamos a &#8220;vender passagens&#8221;. N\u00f3s cuidamos de toda a organiza\u00e7\u00e3o, desde o suporte no WhatsApp para tirar suas d\u00favidas at\u00e9 o planejamento minucioso de cada parada e hor\u00e1rio.<\/p>\n\n\n\n<p><strong>Nossa hist\u00f3ria \u00e9 feita de cada quil\u00f4metro percorrido com voc\u00ea.<\/strong><\/p>\n","protected":false},"excerpt":{"rendered":"<p>T.N.T Excurs\u00f5es: Nossa Jornada Onde a Estrada encontra a M\u00fasica Tudo come\u00e7ou com uma ideia simples: garantir que os f\u00e3s de Curitiba pudessem chegar aos seus shows favoritos com o m\u00e1ximo de conforto, seguran\u00e7a e, acima de tudo, sem preocupa\u00e7\u00f5es com a log\u00edstica da estrada. Na T.N.T Excurs\u00f5es, acreditamos que a experi\u00eancia do show come\u00e7a [&hellip;]<\/p>\n","protected":false},"author":1,"featured_media":0,"parent":0,"menu_order":0,"comment_status":"closed","ping_status":"closed","template":"","meta":{"_uag_custom_page_level_css":"","footnotes":""},"class_list":["post-427","page","type-page","status-publish","hentry"],"uagb_featured_image_src":{"full":false,"thumbnail":false,"medium":false,"medium_large":false,"large":false,"1536x1536":false,"2048x2048":false,"woocommerce_thumbnail":false,"woocommerce_single":false,"woocommerce_gallery_thumbnail":false},"uagb_author_info":{"display_name":"ThiagoGorges","author_link":"http:\/\/tntexcursoes.com.br\/?author=1"},"uagb_comment_info":0,"uagb_excerpt":"T.N.T Excurs\u00f5es: Nossa Jornada Onde a Estrada encontra a M\u00fasica Tudo come\u00e7ou com uma ideia simples: garantir que os f\u00e3s de Curitiba pudessem chegar aos seus shows favoritos com o m\u00e1ximo de conforto, seguran\u00e7a e, acima de tudo, sem preocupa\u00e7\u00f5es com a log\u00edstica da estrada. Na T.N.T Excurs\u00f5es, acreditamos que a experi\u00eancia do show come\u00e7a&hellip;","_links":{"self":[{"href":"http:\/\/tntexcursoes.com.br\/index.php?rest_route=\/wp\/v2\/pages\/427","targetHints":{"allow":["GET"]}}],"collection":[{"href":"http:\/\/tntexcursoes.com.br\/index.php?rest_route=\/wp\/v2\/pages"}],"about":[{"href":"http:\/\/tntexcursoes.com.br\/index.php?rest_route=\/wp\/v2\/types\/page"}],"author":[{"embeddable":true,"href":"http:\/\/tntexcursoes.com.br\/index.php?rest_route=\/wp\/v2\/users\/1"}],"replies":[{"embeddable":true,"href":"http:\/\/tntexcursoes.com.br\/index.php?rest_route=%2Fwp%2Fv2%2Fcomments&post=427"}],"version-history":[{"count":1,"href":"http:\/\/tntexcursoes.com.br\/index.php?rest_route=\/wp\/v2\/pages\/427\/revisions"}],"predecessor-version":[{"id":428,"href":"http:\/\/tntexcursoes.com.br\/index.php?rest_route=\/wp\/v2\/pages\/427\/revisions\/428"}],"wp:attachment":[{"href":"http:\/\/tntexcursoes.com.br\/index.php?rest_route=%2Fwp%2Fv2%2Fmedia&parent=427"}],"curies":[{"name":"wp","href":"https:\/\/api.w.org\/{rel}","templated":true}]}}